{"id":15,"date":"2020-09-09T20:29:50","date_gmt":"2020-09-09T20:29:50","guid":{"rendered":"https:\/\/segurohogar.mx\/productos\/?page_id=15"},"modified":"2020-09-16T18:35:15","modified_gmt":"2020-09-16T18:35:15","slug":"seguro-para-edificios-en-condominio","status":"publish","type":"page","link":"https:\/\/segurohogar.mx\/productos\/seguro-para-edificios-en-condominio\/","title":{"rendered":"Seguro para Edificios en Condominio"},"content":{"rendered":"<h3>Ventajas de Asegurar integralmente un Edificio en Condominio<\/h3>\n<p>Cuando la propiedad se encuentra en un edificio en condominio, ya sea habitacional o de oficinas, el seguro para edificios en condominio te permite asegurar todo el edificio, lo cual tiene m\u00faltiples ventajas:<\/p>\n<ul>\n<li>En caso de un siniestro, se hace una tr\u00e1mite \u00fanico ante la aseguradora para la reparaci\u00f3n de los da\u00f1os, ya sean en los departamentos o en las \u00e1reas comunes.<\/li>\n<li>En caso de que el edificio resulte inhabitable, se contar\u00e1 con los recursos para la reconstrucci\u00f3n del inmueble, de acuerdo a la suma asegurada contratada.<\/li>\n<li>Est\u00e1n asegurados en forma completa los bienes declarados y \u00e1reas comunes como son la recepci\u00f3n, el elevador, tanques estacionarios, zonas de acceso, estacionamientos, patio central, rampas, escaleras, puentes, pasillos, ba\u00f1os, etc.<\/li>\n<\/ul>\n<h4>Coberturas Existentes del Seguro para Edificios en Condominio<\/h4>\n<ul>\n<li>Incendio, Rayo y Explosi\u00f3n<\/li>\n<li>Fen\u00f3menos Hidrometeorol\u00f3gicos<\/li>\n<li>Terremoto y Erupci\u00f3n Volc\u00e1nica<\/li>\n<li>Remoci\u00f3n de Escombros<\/li>\n<li>P\u00e9rdidas Consecuenciales<\/li>\n<li>Rotura de Maquinaria<\/li>\n<li>Calderas y Recipientes Sujetos a Presi\u00f3n<\/li>\n<li>Responsabilidad Civil<\/li>\n<li>Entre otras.<\/li>\n<\/ul>\n<h4>Problemas que se presentan cuando no se tiene un Seguro para Edificio en Condominio<\/h4>\n<p>Cuando no se tiene asegurado todo el edificio se pueden presentar diferentes escenarios como son:<\/p>\n<ul>\n<li>Todos los cond\u00f3minos tienen un seguro individual de su propiedad contratado con diversas aseguradoras.<\/li>\n<li>Algunos cond\u00f3minos tienen un seguro individual contratado con diversas aseguradoras.<\/li>\n<li>Algunos cond\u00f3minos tienen un seguro por el cr\u00e9dito bancario con el que adquiri\u00f3 la propiedad.<\/li>\n<\/ul>\n<p>a) En el primer caso, y partiendo de la base que est\u00e1n aseguradas individualmente todas las propiedades, cada due\u00f1o tendr\u00eda que iniciar ante su aseguradora el proceso de reclamaci\u00f3n del siniestro por su parte asegurada.<\/p>\n<p>Es muy dif\u00edcil y complicado conjuntar los esfuerzos para lograr una soluci\u00f3n \u00fanica en beneficio de todos los cond\u00f3minos.<\/p>\n<p>b) En el segundo caso cada asegurado iniciar\u00e1 la reclamaci\u00f3n del siniestro ante su aseguradora quien le responder\u00e1 de acuerdo a las condiciones de la p\u00f3liza contratada por su departamento asegurado.<\/p>\n<p>Sin embargo, si el resto de los departamentos no est\u00e1n asegurados y el edificio est\u00e1 inhabitable, aunque la Aseguradora nos haya respondido favorablemente no podremos volver a ocupar nuestra vivienda.<\/p>\n<p>c) En el tercer caso, cuando la vivienda est\u00e1 asegurada por un cr\u00e9dito hipotecario, generalmente se cubre el saldo insoluto del cr\u00e9dito. Es decir, conforme pasa el tiempo, la suma asegurada es menor y el beneficiario es el otorgante del cr\u00e9dito, como un banco o una SOFOM.<\/p>\n<p>En este caso la Aseguradora pagar\u00e1 directamente al acreedor y no al propietario del bien.<\/p>\n<p>Como se puede apreciar con lo anterior, contar con un seguro de edificios en condominio y asegurar integralmente el edificio en que se encuentra nuestra propiedad, es la mejor opci\u00f3n para estar debidamente protegido ante un siniestro catastr\u00f3fico.<\/p>\n<h4>\u00bfC\u00f3mo y d\u00f3nde puedo contratar un Seguro de Edificios en Condominio?<\/h4>\n<p>Puedes llenar el formulario que aparece en la parte inferior y nos comunicaremos contigo.<\/p>\n<p>Conoceremos tus necesidades particulares de protecci\u00f3n, te proporcionaremos la informaci\u00f3n sobre los distintos productos que respondan a ellas y te presentaremos las ofertas de las distintas Aseguradoras de las que somos agentes para que puedas seleccionar la mejor opci\u00f3n.<\/p>\n<p><a href=\"http:\/\/proventum.com.mx\/\">Para otro tipo de seguros puedes visitar nuestra p\u00e1gina www.proventum.com.mx<\/a><\/p>\n<p><strong>SOLICITAR COTIZACION<\/strong><\/p>\n<link rel=\"stylesheet\" type=\"text\/css\" href=\"https:\/\/proventum.info\/forms\/css\/forms.css\"><script src=\"https:\/\/www.google.com\/recaptcha\/api.js\"><\/script><script src=\"https:\/\/ajax.googleapis.com\/ajax\/libs\/jquery\/2.1.1\/jquery.min.js\"><\/script><script type=\"text\/javascript\" src=\"https:\/\/proventum.info\/forms\/js\/origen.js\"><\/script><br><form class=\"forms\" id=\"cotizacion_form\" method=\"POST\" action=\"https:\/\/segurohogar.mx\/productos\/enviar\/\" id=\"Cotizacion\"><div class=\"contenedor\"><div class=\"full-w\"><p>1.- SELECCIONA EL PRODUCTO DEL QUE SOLICITAS COTIZACI\u00d3N<\/p><select name=\"Seguro\" id=\"Seguro\" class=\"form-control form-control-lg\" required> <option value=\"Seguro para Edificios en Condominio\">Seguro para Edificios en Condominio<\/option> <option value=\"Seguro de Casa VIBIA ABA CHUBB\">Seguro de Casa VIBIA ABA CHUBB<\/option> <option value=\"Seguro para Hogar AIG\">Seguro para Hogar AIG<\/option> <option value=\"Seguro para Hogar Zurich\">Seguro para Hogar Zurich<\/option> <option value=\"Seguro para Hogar GMX\">Seguro para Hogar GMX<\/option> <option value=\"Seguro para Hogar SURA\">Seguro para Hogar SURA<\/option> <option value=\"Seguro para Hogar MAPFRE\">Seguro para Hogar MAPFRE<\/option><option value=\"Otros\">Otros<\/option> <\/select><p>2.- TIPO DE VIVIENDA<\/p><select name=\"Vivienda\" id=\"Vivienda\" class=\"select\"> <option value=\"Condominio Horizontal\">Condominio Horizontal<\/option> <option value=\"Condominio Vertical\">Condominio Vertical<\/option> <option value=\"Unifamiliar\">Unifamiliar<\/option> <option value=\"Residencia\">Residencia<\/option><\/select><\/div><div class=\"full-w\"><div class=\"mitad-w\"> <p>*Si la Vivienda es Vertical<\/p><input name=\"Pisos\" type=\"text\" class=\"form-control\" id=\"Pisos\" placeholder=\"Pisos\" required> <\/div> <div class=\"mitad-w\"> <p>No. de Piso en el que vive<\/p><input name=\"Depto\" type=\"text\" class=\"form-control\" id=\"Depto\" placeholder=\"Depto\" required> <\/div><\/div><div class=\"full-w\"><div class=\"mitad-w\"> <p>Medidas de seguridad vs robo<\/p><select name=\"Seguridad\" id=\"Seguridad\" class=\"select\"> <option value=\"Vigilancia\">Vigilancia<\/option> <option value=\"Alarma local\">Alarma local<\/option> <option value=\"Alarma central\">Alarma central<\/option> <option value=\"Alarma local y central\">Alarma local y central<\/option> <option value=\"Sin medidas de seguridad\">Sin medidas de seguridad<\/option> <\/select><\/div><div class=\"mitad-w\"> <p>Distancia de rio, lago, laguna o mar<\/p><select name=\"Distancia\" id=\"Distancia\" class=\"select\"> <option value=\"mas de 250 metros\">M\u00e1s de 250 metros<\/option> <option value=\"menos de 250 metros\">Menos de 250 metros<\/option> <\/select><\/div><\/div><div class=\"full-w\"><div class=\"mitad-w\"> <p>Material de Construcci\u00f3n<\/p><input name=\"Muros\" type=\"text\" class=\"form-control\" id=\"Muros\" placeholder=\"Muros\" required><\/div><div class=\"mitad-w\"> <p>Material de Techo<\/p><input name=\"Techos\" type=\"text\" class=\"form-control\" id=\"Techos\" placeholder=\"Techos\" required> <\/div><\/div><div class=\"full-w\"><div class=\"mitad-w\"> <p>Valor de los Contenidos<\/p><input name=\"Valor\" type=\"text\" class=\"form-control\" id=\"Valor\" placeholder=\"Valor de los Contenidos\" required> <\/div><div class=\"mitad-w\"> <p>Metros Cuadrados Construidos<\/p><input name=\"Metros\" type=\"text\" class=\"form-control\" id=\"Muros\" placeholder=\"Muros\" required><\/div><\/div><div class=\"full-w\"><div class=\"mitad-w\"> <p>Precio de la vivienda(sin contar terreno<\/p><input name=\"Precio\" type=\"text\" class=\"form-control\" id=\"Precio\" placeholder=\"Precio\" required> <\/div><div class=\"mitad-w\"> <p>C\u00f3digo Postal<\/p><input name=\"CP\" type=\"text\" class=\"form-control\" id=\"CP\" placeholder=\"C.P.\" required> <\/div><\/div><div class=\"full-w\"> <p>3.- DATOS PARA CONTACTO<\/p> <div class=\"mitad-w\"> <input name=\"Nombre\" type=\"text\" class=\"form-control\" id=\"nombre\" placeholder=\"Nombre(s)\" required> <\/div> <div class=\"mitad-w\"> <input name=\"Apellidos\" type=\"text\" class=\"form-control\" id=\"Apellidos\" placeholder=\"Apellidos\" required> <\/div><\/div><div class=\"full-w\"> <div class=\"mitad-w\"> <input name=\"Direccion\" type=\"text\" class=\"form-control\" id=\"direccion\" placeholder=\"Direcci\u00f3n\" required> <\/div> <div class=\"mitad-w\"> <input name=\"Ciudad\" type=\"text\" class=\"form-control\" id=\"Ciudad\" placeholder=\"Ciudad Y Estado\" required> <\/div><\/div><div class=\"full-w\"> <div class=\"mitad-w\"> <input name=\"Tel\" type=\"text\" class=\"form-control\" id=\"Tel\" placeholder=\"Tel\u00e9fono Fijo\" required> <\/div> <div class=\"mitad-w\"> <input name=\"Movil\" type=\"text\" class=\"form-control\" id=\"Movil\" placeholder=\"Tel\u00e9fono M\u00f3vil\" required> <\/div> <div class=\"mitad-w\"> <input type=\"email\" class=\"form-control\" id=\"Email\" placeholder=\"Email\" name=\"Email\" required> <\/div><\/div><div class=\"full-w\"> <p>4.- COMENTARIOS<\/p> <textarea class=\"text-a\" id=\"Comentarios\" contenedors=\"3\" name=\"Comentarios\"><\/textarea> <input type=\"hidden\" name=\"Origen\" id=\"Origen\" required readonly=\"readonly\"> <p>*Al enviar este formulario Usted acepta nuestra <a href=\"https:\/\/segurohogar.mx\/seguros_para_hogar\/privacidad.php\" target=\"_blank\">POL\u00cdTICA DE PRIVACIDAD<\/a><\/p> <div class=\"g-recaptcha\" data-sitekey=\"6LfraQkTAAAAACYQ-IEM0qbYLmf47Ju7Nzho1Ns0\"><\/div> <input class=\"btn-lg btn btn-outline-danger\" type=\"submit\" name=\"Enviar Solicitud\"><\/input> <\/div><\/div><\/form>\n","protected":false},"excerpt":{"rendered":"<p>Ventajas de Asegurar integralmente un Edificio en Condominio Cuando la propiedad se encuentra en un edificio en condominio, ya sea habitacional o de oficinas, el seguro para edificios en condominio te permite asegurar todo el edificio, lo cual tiene m\u00faltiples ventajas: En caso de un siniestro, se hace una tr\u00e1mite \u00fanico ante la aseguradora para [&hellip;]<\/p>\n","protected":false},"author":1,"featured_media":60,"parent":0,"menu_order":0,"comment_status":"closed","ping_status":"closed","template":"template-fullwidth.php","meta":[],"acf":[],"yoast_head":"<!-- This site is optimized with the Yoast SEO plugin v20.11 - https:\/\/yoast.com\/wordpress\/plugins\/seo\/ -->\n<title>Seguro para Edificios en Condominio - Seguro Hogar<\/title>\n<meta name=\"description\" content=\"Conoce las caracter\u00edsticas del Seguro para Edificios en Condominio y cotiza y contrata a trav\u00e9s de Proventum Agente de Seguros y de Fianzas.\" \/>\n<meta name=\"robots\" content=\"index, follow, max-snippet:-1, max-image-preview:large, max-video-preview:-1\" \/>\n<link rel=\"canonical\" href=\"https:\/\/segurohogar.mx\/productos\/seguro-para-edificios-en-condominio\/\" \/>\n<meta property=\"og:locale\" content=\"es_ES\" \/>\n<meta property=\"og:type\" content=\"article\" \/>\n<meta property=\"og:title\" content=\"Seguro para Edificios en Condominio - Seguro Hogar\" \/>\n<meta property=\"og:description\" content=\"Conoce las caracter\u00edsticas del Seguro para Edificios en Condominio y cotiza y contrata a trav\u00e9s de Proventum Agente de Seguros y de Fianzas.\" \/>\n<meta property=\"og:url\" content=\"https:\/\/segurohogar.mx\/productos\/seguro-para-edificios-en-condominio\/\" \/>\n<meta property=\"og:site_name\" content=\"Seguro Hogar\" \/>\n<meta property=\"article:modified_time\" content=\"2020-09-16T18:35:15+00:00\" \/>\n<meta property=\"og:image\" content=\"https:\/\/segurohogar.mx\/productos\/wp-content\/uploads\/2020\/09\/edificio-de-departamentos-en-condominio.jpg\" \/>\n\t<meta property=\"og:image:width\" content=\"800\" \/>\n\t<meta property=\"og:image:height\" content=\"533\" \/>\n\t<meta property=\"og:image:type\" content=\"image\/jpeg\" \/>\n<meta name=\"twitter:card\" content=\"summary_large_image\" \/>\n<meta name=\"twitter:label1\" content=\"Tiempo de lectura\" \/>\n\t<meta name=\"twitter:data1\" content=\"3 minutos\" \/>\n<script type=\"application\/ld+json\" class=\"yoast-schema-graph\">{\"@context\":\"https:\/\/schema.org\",\"@graph\":[{\"@type\":\"WebPage\",\"@id\":\"https:\/\/segurohogar.mx\/productos\/seguro-para-edificios-en-condominio\/\",\"url\":\"https:\/\/segurohogar.mx\/productos\/seguro-para-edificios-en-condominio\/\",\"name\":\"Seguro para Edificios en Condominio - Seguro Hogar\",\"isPartOf\":{\"@id\":\"https:\/\/segurohogar.mx\/productos\/#website\"},\"datePublished\":\"2020-09-09T20:29:50+00:00\",\"dateModified\":\"2020-09-16T18:35:15+00:00\",\"description\":\"Conoce las caracter\u00edsticas del Seguro para Edificios en Condominio y cotiza y contrata a trav\u00e9s de Proventum Agente de Seguros y de Fianzas.\",\"breadcrumb\":{\"@id\":\"https:\/\/segurohogar.mx\/productos\/seguro-para-edificios-en-condominio\/#breadcrumb\"},\"inLanguage\":\"es\",\"potentialAction\":[{\"@type\":\"ReadAction\",\"target\":[\"https:\/\/segurohogar.mx\/productos\/seguro-para-edificios-en-condominio\/\"]}]},{\"@type\":\"BreadcrumbList\",\"@id\":\"https:\/\/segurohogar.mx\/productos\/seguro-para-edificios-en-condominio\/#breadcrumb\",\"itemListElement\":[{\"@type\":\"ListItem\",\"position\":1,\"name\":\"Portada\",\"item\":\"https:\/\/segurohogar.mx\/productos\/\"},{\"@type\":\"ListItem\",\"position\":2,\"name\":\"Seguro para Edificios en Condominio\"}]},{\"@type\":\"WebSite\",\"@id\":\"https:\/\/segurohogar.mx\/productos\/#website\",\"url\":\"https:\/\/segurohogar.mx\/productos\/\",\"name\":\"Seguro Hogar\",\"description\":\"\",\"potentialAction\":[{\"@type\":\"SearchAction\",\"target\":{\"@type\":\"EntryPoint\",\"urlTemplate\":\"https:\/\/segurohogar.mx\/productos\/?s={search_term_string}\"},\"query-input\":\"required name=search_term_string\"}],\"inLanguage\":\"es\"}]}<\/script>\n<!-- \/ Yoast SEO plugin. -->","yoast_head_json":{"title":"Seguro para Edificios en Condominio - Seguro Hogar","description":"Conoce las caracter\u00edsticas del Seguro para Edificios en Condominio y cotiza y contrata a trav\u00e9s de Proventum Agente de Seguros y de Fianzas.","robots":{"index":"index","follow":"follow","max-snippet":"max-snippet:-1","max-image-preview":"max-image-preview:large","max-video-preview":"max-video-preview:-1"},"canonical":"https:\/\/segurohogar.mx\/productos\/seguro-para-edificios-en-condominio\/","og_locale":"es_ES","og_type":"article","og_title":"Seguro para Edificios en Condominio - Seguro Hogar","og_description":"Conoce las caracter\u00edsticas del Seguro para Edificios en Condominio y cotiza y contrata a trav\u00e9s de Proventum Agente de Seguros y de Fianzas.","og_url":"https:\/\/segurohogar.mx\/productos\/seguro-para-edificios-en-condominio\/","og_site_name":"Seguro Hogar","article_modified_time":"2020-09-16T18:35:15+00:00","og_image":[{"width":800,"height":533,"url":"https:\/\/segurohogar.mx\/productos\/wp-content\/uploads\/2020\/09\/edificio-de-departamentos-en-condominio.jpg","type":"image\/jpeg"}],"twitter_card":"summary_large_image","twitter_misc":{"Tiempo de lectura":"3 minutos"},"schema":{"@context":"https:\/\/schema.org","@graph":[{"@type":"WebPage","@id":"https:\/\/segurohogar.mx\/productos\/seguro-para-edificios-en-condominio\/","url":"https:\/\/segurohogar.mx\/productos\/seguro-para-edificios-en-condominio\/","name":"Seguro para Edificios en Condominio - Seguro Hogar","isPartOf":{"@id":"https:\/\/segurohogar.mx\/productos\/#website"},"datePublished":"2020-09-09T20:29:50+00:00","dateModified":"2020-09-16T18:35:15+00:00","description":"Conoce las caracter\u00edsticas del Seguro para Edificios en Condominio y cotiza y contrata a trav\u00e9s de Proventum Agente de Seguros y de Fianzas.","breadcrumb":{"@id":"https:\/\/segurohogar.mx\/productos\/seguro-para-edificios-en-condominio\/#breadcrumb"},"inLanguage":"es","potentialAction":[{"@type":"ReadAction","target":["https:\/\/segurohogar.mx\/productos\/seguro-para-edificios-en-condominio\/"]}]},{"@type":"BreadcrumbList","@id":"https:\/\/segurohogar.mx\/productos\/seguro-para-edificios-en-condominio\/#breadcrumb","itemListElement":[{"@type":"ListItem","position":1,"name":"Portada","item":"https:\/\/segurohogar.mx\/productos\/"},{"@type":"ListItem","position":2,"name":"Seguro para Edificios en Condominio"}]},{"@type":"WebSite","@id":"https:\/\/segurohogar.mx\/productos\/#website","url":"https:\/\/segurohogar.mx\/productos\/","name":"Seguro Hogar","description":"","potentialAction":[{"@type":"SearchAction","target":{"@type":"EntryPoint","urlTemplate":"https:\/\/segurohogar.mx\/productos\/?s={search_term_string}"},"query-input":"required name=search_term_string"}],"inLanguage":"es"}]}},"_links":{"self":[{"href":"https:\/\/segurohogar.mx\/productos\/wp-json\/wp\/v2\/pages\/15"}],"collection":[{"href":"https:\/\/segurohogar.mx\/productos\/wp-json\/wp\/v2\/pages"}],"about":[{"href":"https:\/\/segurohogar.mx\/productos\/wp-json\/wp\/v2\/types\/page"}],"author":[{"embeddable":true,"href":"https:\/\/segurohogar.mx\/productos\/wp-json\/wp\/v2\/users\/1"}],"replies":[{"embeddable":true,"href":"https:\/\/segurohogar.mx\/productos\/wp-json\/wp\/v2\/comments?post=15"}],"version-history":[{"count":7,"href":"https:\/\/segurohogar.mx\/productos\/wp-json\/wp\/v2\/pages\/15\/revisions"}],"predecessor-version":[{"id":85,"href":"https:\/\/segurohogar.mx\/productos\/wp-json\/wp\/v2\/pages\/15\/revisions\/85"}],"wp:featuredmedia":[{"embeddable":true,"href":"https:\/\/segurohogar.mx\/productos\/wp-json\/wp\/v2\/media\/60"}],"wp:attachment":[{"href":"https:\/\/segurohogar.mx\/productos\/wp-json\/wp\/v2\/media?parent=15"}],"curies":[{"name":"wp","href":"https:\/\/api.w.org\/{rel}","templated":true}]}}