{"id":22,"date":"2020-09-09T20:35:57","date_gmt":"2020-09-09T20:35:57","guid":{"rendered":"https:\/\/segurohogar.mx\/productos\/?page_id=22"},"modified":"2020-09-16T19:47:04","modified_gmt":"2020-09-16T19:47:04","slug":"seguro-para-hogar-gmx","status":"publish","type":"page","link":"https:\/\/segurohogar.mx\/productos\/seguro-para-hogar-gmx\/","title":{"rendered":"Seguro para Hogar GMX"},"content":{"rendered":"<h3>Protege tu casa con un seguro para Hogar GMX<\/h3>\n<p>El Seguro para Hogar GMX te brinda protecci\u00f3n contra los siguientes eventos que se pueden presentar en tu hogar.<\/p>\n<p><strong>Da\u00f1os materiales al hogar<\/strong><\/p>\n<p>Esta p\u00f3liza protege contra todo riesgo por da\u00f1o o p\u00e9rdida f\u00edsica directa por incendio y todos aquellos riesgos, s\u00fabitos e imprevistos, que no est\u00e9n expresamente excluidos.<\/p>\n<p>Puede incluirse opcionalmente:<\/p>\n<p>Terremoto y erupci\u00f3n volc\u00e1nica; y fen\u00f3menos hidrometeorol\u00f3gicos.<\/p>\n<p>Brinda cobertura por rotura de cristales, descompostura del equipo electr\u00f3nico y electrodom\u00e9stico, robo de los bienes dentro del hogar y asalto a alg\u00fan miembro de la familia en la v\u00eda p\u00fablica.<\/p>\n<p>En caso de reparaci\u00f3n o reconstrucci\u00f3n del hogar, por alg\u00fan da\u00f1o amparado en la p\u00f3liza, se cubren los gastos adicionales necesarios para la remoci\u00f3n de escombros, la renta de una casa, mudanza o almacenaje de sus bienes, de manera temporal.<\/p>\n<p>Ya sea usted propietario, arrendatario o cond\u00f3mino del inmueble que habite, y podr\u00e1 hacer frente al pago que deba hacerse a un tercero, cuando usted o alg\u00fan miembro de la familia le haya ocasionado alg\u00fan da\u00f1o.<\/p>\n<p>Quedan incluidos en la cobertura del seguro los gastos de asesor\u00eda y defensa.<\/p>\n<p>Los gastos m\u00e9dicos por accidentes de los trabajadores dom\u00e9sticos en el desempe\u00f1o de sus tareas est\u00e1n cubiertos en este seguro.<\/p>\n<h4>\u00bfA qu\u00e9 bienes de tu casa protege el Seguro para Hogar GMX?<\/h4>\n<p>Inmueble o edificio.<\/p>\n<p>Menaje de casa como: muebles, enseres dom\u00e9sticos, ropa, libros, herramientas efectos personales, objetos de decoraci\u00f3n, art\u00edculos deportivos y fotogr\u00e1ficos.<\/p>\n<p>Equipo electr\u00f3nico y electrodom\u00e9stico como: hornos de microondas, m\u00e1quinas de coser el\u00e9ctricas, aspiradoras, ventiladores, televisores, radios, DVD, lavadoras. secadoras de ropa, asi como computadoras y dem\u00e1s similares.<\/p>\n<p>Cristales del inmueble, as\u00ed como lunas, espejos, cubiertas de cristales de vitrinas y aparadores con espesor mayor o igual a 4 mil\u00edmetros.<\/p>\n<p>Bienes que por su propia naturaleza deban permanecer a la intemperie, tales como: calentador de agua, tanque estacionario, antenas de radio y televisi\u00f3n.<\/p>\n<p>Prendas de vestir en posesi\u00f3n de tintorer\u00edas, lavander\u00edas, sastrer\u00edas o talleres de reparaci\u00f3n, dentro de los l\u00edmites de los Estados Unidos Mexicanos.<\/p>\n<p>Mejoras o adaptaciones hechas al inmueble.<\/p>\n<p>Joyas y objetos de arte o. de dif\u00edcil reposici\u00f3n, tales como: pinturas, esculturas, gobelinos, antig\u00fcedades, plater\u00eda y pieles.<\/p>\n<p>Dinero en moneda o billetes bancarios.<\/p>\n<p>Todo exclusivo para la vida familiar, dentro de la Rep\u00fablica Mexicana y conforme al derecho mexicano.<\/p>\n<p>Aplican restricciones.<\/p>\n<h4>\u00bfC\u00f3mo y d\u00f3nde puedo contratar el Seguro de Hogar GMX?<\/h4>\n<p>Puedes llenar el formulario que aparece en la parte inferior y nos comunicaremos contigo.<\/p>\n<p>Conoceremos tus necesidades particulares de protecci\u00f3n, te proporcionaremos la informaci\u00f3n sobre los distintos productos que respondan a ellas y te presentaremos las ofertas de las distintas Aseguradoras de las que somos agentes para que puedas seleccionar la mejor opci\u00f3n.<\/p>\n<p><a href=\"http:\/\/proventum.com.mx\/\">Para otro tipo de seguros puedes visitar nuestra p\u00e1gina www.proventum.com.mx<\/a><\/p>\n<p><strong>SOLICITAR COTIZACION<\/strong><\/p>\n<link rel=\"stylesheet\" type=\"text\/css\" href=\"https:\/\/proventum.info\/forms\/css\/forms.css\"><script src=\"https:\/\/www.google.com\/recaptcha\/api.js\"><\/script><script src=\"https:\/\/ajax.googleapis.com\/ajax\/libs\/jquery\/2.1.1\/jquery.min.js\"><\/script><script type=\"text\/javascript\" src=\"https:\/\/proventum.info\/forms\/js\/origen.js\"><\/script><br><form class=\"forms\" id=\"cotizacion_form\" method=\"POST\" action=\"https:\/\/segurohogar.mx\/productos\/enviar\/\" id=\"Cotizacion\"><div class=\"contenedor\"><div class=\"full-w\"><p>1.- SELECCIONA EL PRODUCTO DEL QUE SOLICITAS COTIZACI\u00d3N<\/p><select name=\"Seguro\" id=\"Seguro\" class=\"form-control form-control-lg\" required> <option value=\"Seguro para Edificios en Condominio\">Seguro para Edificios en Condominio<\/option> <option value=\"Seguro de Casa VIBIA ABA CHUBB\">Seguro de Casa VIBIA ABA CHUBB<\/option> <option value=\"Seguro para Hogar AIG\">Seguro para Hogar AIG<\/option> <option value=\"Seguro para Hogar Zurich\">Seguro para Hogar Zurich<\/option> <option value=\"Seguro para Hogar GMX\">Seguro para Hogar GMX<\/option> <option value=\"Seguro para Hogar SURA\">Seguro para Hogar SURA<\/option> <option value=\"Seguro para Hogar MAPFRE\">Seguro para Hogar MAPFRE<\/option><option value=\"Otros\">Otros<\/option> <\/select><p>2.- TIPO DE VIVIENDA<\/p><select name=\"Vivienda\" id=\"Vivienda\" class=\"select\"> <option value=\"Condominio Horizontal\">Condominio Horizontal<\/option> <option value=\"Condominio Vertical\">Condominio Vertical<\/option> <option value=\"Unifamiliar\">Unifamiliar<\/option> <option value=\"Residencia\">Residencia<\/option><\/select><\/div><div class=\"full-w\"><div class=\"mitad-w\"> <p>*Si la Vivienda es Vertical<\/p><input name=\"Pisos\" type=\"text\" class=\"form-control\" id=\"Pisos\" placeholder=\"Pisos\" required> <\/div> <div class=\"mitad-w\"> <p>No. de Piso en el que vive<\/p><input name=\"Depto\" type=\"text\" class=\"form-control\" id=\"Depto\" placeholder=\"Depto\" required> <\/div><\/div><div class=\"full-w\"><div class=\"mitad-w\"> <p>Medidas de seguridad vs robo<\/p><select name=\"Seguridad\" id=\"Seguridad\" class=\"select\"> <option value=\"Vigilancia\">Vigilancia<\/option> <option value=\"Alarma local\">Alarma local<\/option> <option value=\"Alarma central\">Alarma central<\/option> <option value=\"Alarma local y central\">Alarma local y central<\/option> <option value=\"Sin medidas de seguridad\">Sin medidas de seguridad<\/option> <\/select><\/div><div class=\"mitad-w\"> <p>Distancia de rio, lago, laguna o mar<\/p><select name=\"Distancia\" id=\"Distancia\" class=\"select\"> <option value=\"mas de 250 metros\">M\u00e1s de 250 metros<\/option> <option value=\"menos de 250 metros\">Menos de 250 metros<\/option> <\/select><\/div><\/div><div class=\"full-w\"><div class=\"mitad-w\"> <p>Material de Construcci\u00f3n<\/p><input name=\"Muros\" type=\"text\" class=\"form-control\" id=\"Muros\" placeholder=\"Muros\" required><\/div><div class=\"mitad-w\"> <p>Material de Techo<\/p><input name=\"Techos\" type=\"text\" class=\"form-control\" id=\"Techos\" placeholder=\"Techos\" required> <\/div><\/div><div class=\"full-w\"><div class=\"mitad-w\"> <p>Valor de los Contenidos<\/p><input name=\"Valor\" type=\"text\" class=\"form-control\" id=\"Valor\" placeholder=\"Valor de los Contenidos\" required> <\/div><div class=\"mitad-w\"> <p>Metros Cuadrados Construidos<\/p><input name=\"Metros\" type=\"text\" class=\"form-control\" id=\"Muros\" placeholder=\"Muros\" required><\/div><\/div><div class=\"full-w\"><div class=\"mitad-w\"> <p>Precio de la vivienda(sin contar terreno<\/p><input name=\"Precio\" type=\"text\" class=\"form-control\" id=\"Precio\" placeholder=\"Precio\" required> <\/div><div class=\"mitad-w\"> <p>C\u00f3digo Postal<\/p><input name=\"CP\" type=\"text\" class=\"form-control\" id=\"CP\" placeholder=\"C.P.\" required> <\/div><\/div><div class=\"full-w\"> <p>3.- DATOS PARA CONTACTO<\/p> <div class=\"mitad-w\"> <input name=\"Nombre\" type=\"text\" class=\"form-control\" id=\"nombre\" placeholder=\"Nombre(s)\" required> <\/div> <div class=\"mitad-w\"> <input name=\"Apellidos\" type=\"text\" class=\"form-control\" id=\"Apellidos\" placeholder=\"Apellidos\" required> <\/div><\/div><div class=\"full-w\"> <div class=\"mitad-w\"> <input name=\"Direccion\" type=\"text\" class=\"form-control\" id=\"direccion\" placeholder=\"Direcci\u00f3n\" required> <\/div> <div class=\"mitad-w\"> <input name=\"Ciudad\" type=\"text\" class=\"form-control\" id=\"Ciudad\" placeholder=\"Ciudad Y Estado\" required> <\/div><\/div><div class=\"full-w\"> <div class=\"mitad-w\"> <input name=\"Tel\" type=\"text\" class=\"form-control\" id=\"Tel\" placeholder=\"Tel\u00e9fono Fijo\" required> <\/div> <div class=\"mitad-w\"> <input name=\"Movil\" type=\"text\" class=\"form-control\" id=\"Movil\" placeholder=\"Tel\u00e9fono M\u00f3vil\" required> <\/div> <div class=\"mitad-w\"> <input type=\"email\" class=\"form-control\" id=\"Email\" placeholder=\"Email\" name=\"Email\" required> <\/div><\/div><div class=\"full-w\"> <p>4.- COMENTARIOS<\/p> <textarea class=\"text-a\" id=\"Comentarios\" contenedors=\"3\" name=\"Comentarios\"><\/textarea> <input type=\"hidden\" name=\"Origen\" id=\"Origen\" required readonly=\"readonly\"> <p>*Al enviar este formulario Usted acepta nuestra <a href=\"https:\/\/segurohogar.mx\/seguros_para_hogar\/privacidad.php\" target=\"_blank\">POL\u00cdTICA DE PRIVACIDAD<\/a><\/p> <div class=\"g-recaptcha\" data-sitekey=\"6LfraQkTAAAAACYQ-IEM0qbYLmf47Ju7Nzho1Ns0\"><\/div> <input class=\"btn-lg btn btn-outline-danger\" type=\"submit\" name=\"Enviar Solicitud\"><\/input> <\/div><\/div><\/form>\n","protected":false},"excerpt":{"rendered":"<p>Protege tu casa con un seguro para Hogar GMX El Seguro para Hogar GMX te brinda protecci\u00f3n contra los siguientes eventos que se pueden presentar en tu hogar. Da\u00f1os materiales al hogar Esta p\u00f3liza protege contra todo riesgo por da\u00f1o o p\u00e9rdida f\u00edsica directa por incendio y todos aquellos riesgos, s\u00fabitos e imprevistos, que no [&hellip;]<\/p>\n","protected":false},"author":1,"featured_media":64,"parent":0,"menu_order":0,"comment_status":"closed","ping_status":"closed","template":"template-nosidebar.php","meta":[],"acf":[],"yoast_head":"<!-- This site is optimized with the Yoast SEO plugin v20.11 - https:\/\/yoast.com\/wordpress\/plugins\/seo\/ -->\n<title>Seguro para Hogar GMX - Seguro Hogar<\/title>\n<meta name=\"description\" content=\"Conoce las caracter\u00edsticas y condiciones del seguro para hogar GMX y cotiza y contrata a trav\u00e9s de Proventum Agente de Seguros y de Fianzas\" \/>\n<meta name=\"robots\" content=\"index, follow, max-snippet:-1, max-image-preview:large, max-video-preview:-1\" \/>\n<link rel=\"canonical\" href=\"https:\/\/segurohogar.mx\/productos\/seguro-para-hogar-gmx\/\" \/>\n<meta property=\"og:locale\" content=\"es_ES\" \/>\n<meta property=\"og:type\" content=\"article\" \/>\n<meta property=\"og:title\" content=\"Seguro para Hogar GMX - Seguro Hogar\" \/>\n<meta property=\"og:description\" content=\"Conoce las caracter\u00edsticas y condiciones del seguro para hogar GMX y cotiza y contrata a trav\u00e9s de Proventum Agente de Seguros y de Fianzas\" \/>\n<meta property=\"og:url\" content=\"https:\/\/segurohogar.mx\/productos\/seguro-para-hogar-gmx\/\" \/>\n<meta property=\"og:site_name\" content=\"Seguro Hogar\" \/>\n<meta property=\"article:modified_time\" content=\"2020-09-16T19:47:04+00:00\" \/>\n<meta property=\"og:image\" content=\"https:\/\/segurohogar.mx\/productos\/wp-content\/uploads\/2020\/09\/seguro-hogar-5.jpg\" \/>\n\t<meta property=\"og:image:width\" content=\"800\" \/>\n\t<meta property=\"og:image:height\" content=\"535\" \/>\n\t<meta property=\"og:image:type\" content=\"image\/jpeg\" \/>\n<meta name=\"twitter:card\" content=\"summary_large_image\" \/>\n<meta name=\"twitter:label1\" content=\"Tiempo de lectura\" \/>\n\t<meta name=\"twitter:data1\" content=\"3 minutos\" \/>\n<script type=\"application\/ld+json\" class=\"yoast-schema-graph\">{\"@context\":\"https:\/\/schema.org\",\"@graph\":[{\"@type\":\"WebPage\",\"@id\":\"https:\/\/segurohogar.mx\/productos\/seguro-para-hogar-gmx\/\",\"url\":\"https:\/\/segurohogar.mx\/productos\/seguro-para-hogar-gmx\/\",\"name\":\"Seguro para Hogar GMX - Seguro Hogar\",\"isPartOf\":{\"@id\":\"https:\/\/segurohogar.mx\/productos\/#website\"},\"datePublished\":\"2020-09-09T20:35:57+00:00\",\"dateModified\":\"2020-09-16T19:47:04+00:00\",\"description\":\"Conoce las caracter\u00edsticas y condiciones del seguro para hogar GMX y cotiza y contrata a trav\u00e9s de Proventum Agente de Seguros y de Fianzas\",\"breadcrumb\":{\"@id\":\"https:\/\/segurohogar.mx\/productos\/seguro-para-hogar-gmx\/#breadcrumb\"},\"inLanguage\":\"es\",\"potentialAction\":[{\"@type\":\"ReadAction\",\"target\":[\"https:\/\/segurohogar.mx\/productos\/seguro-para-hogar-gmx\/\"]}]},{\"@type\":\"BreadcrumbList\",\"@id\":\"https:\/\/segurohogar.mx\/productos\/seguro-para-hogar-gmx\/#breadcrumb\",\"itemListElement\":[{\"@type\":\"ListItem\",\"position\":1,\"name\":\"Portada\",\"item\":\"https:\/\/segurohogar.mx\/productos\/\"},{\"@type\":\"ListItem\",\"position\":2,\"name\":\"Seguro para Hogar GMX\"}]},{\"@type\":\"WebSite\",\"@id\":\"https:\/\/segurohogar.mx\/productos\/#website\",\"url\":\"https:\/\/segurohogar.mx\/productos\/\",\"name\":\"Seguro Hogar\",\"description\":\"\",\"potentialAction\":[{\"@type\":\"SearchAction\",\"target\":{\"@type\":\"EntryPoint\",\"urlTemplate\":\"https:\/\/segurohogar.mx\/productos\/?s={search_term_string}\"},\"query-input\":\"required name=search_term_string\"}],\"inLanguage\":\"es\"}]}<\/script>\n<!-- \/ Yoast SEO plugin. -->","yoast_head_json":{"title":"Seguro para Hogar GMX - Seguro Hogar","description":"Conoce las caracter\u00edsticas y condiciones del seguro para hogar GMX y cotiza y contrata a trav\u00e9s de Proventum Agente de Seguros y de Fianzas","robots":{"index":"index","follow":"follow","max-snippet":"max-snippet:-1","max-image-preview":"max-image-preview:large","max-video-preview":"max-video-preview:-1"},"canonical":"https:\/\/segurohogar.mx\/productos\/seguro-para-hogar-gmx\/","og_locale":"es_ES","og_type":"article","og_title":"Seguro para Hogar GMX - Seguro Hogar","og_description":"Conoce las caracter\u00edsticas y condiciones del seguro para hogar GMX y cotiza y contrata a trav\u00e9s de Proventum Agente de Seguros y de Fianzas","og_url":"https:\/\/segurohogar.mx\/productos\/seguro-para-hogar-gmx\/","og_site_name":"Seguro Hogar","article_modified_time":"2020-09-16T19:47:04+00:00","og_image":[{"width":800,"height":535,"url":"https:\/\/segurohogar.mx\/productos\/wp-content\/uploads\/2020\/09\/seguro-hogar-5.jpg","type":"image\/jpeg"}],"twitter_card":"summary_large_image","twitter_misc":{"Tiempo de lectura":"3 minutos"},"schema":{"@context":"https:\/\/schema.org","@graph":[{"@type":"WebPage","@id":"https:\/\/segurohogar.mx\/productos\/seguro-para-hogar-gmx\/","url":"https:\/\/segurohogar.mx\/productos\/seguro-para-hogar-gmx\/","name":"Seguro para Hogar GMX - Seguro Hogar","isPartOf":{"@id":"https:\/\/segurohogar.mx\/productos\/#website"},"datePublished":"2020-09-09T20:35:57+00:00","dateModified":"2020-09-16T19:47:04+00:00","description":"Conoce las caracter\u00edsticas y condiciones del seguro para hogar GMX y cotiza y contrata a trav\u00e9s de Proventum Agente de Seguros y de Fianzas","breadcrumb":{"@id":"https:\/\/segurohogar.mx\/productos\/seguro-para-hogar-gmx\/#breadcrumb"},"inLanguage":"es","potentialAction":[{"@type":"ReadAction","target":["https:\/\/segurohogar.mx\/productos\/seguro-para-hogar-gmx\/"]}]},{"@type":"BreadcrumbList","@id":"https:\/\/segurohogar.mx\/productos\/seguro-para-hogar-gmx\/#breadcrumb","itemListElement":[{"@type":"ListItem","position":1,"name":"Portada","item":"https:\/\/segurohogar.mx\/productos\/"},{"@type":"ListItem","position":2,"name":"Seguro para Hogar GMX"}]},{"@type":"WebSite","@id":"https:\/\/segurohogar.mx\/productos\/#website","url":"https:\/\/segurohogar.mx\/productos\/","name":"Seguro Hogar","description":"","potentialAction":[{"@type":"SearchAction","target":{"@type":"EntryPoint","urlTemplate":"https:\/\/segurohogar.mx\/productos\/?s={search_term_string}"},"query-input":"required name=search_term_string"}],"inLanguage":"es"}]}},"_links":{"self":[{"href":"https:\/\/segurohogar.mx\/productos\/wp-json\/wp\/v2\/pages\/22"}],"collection":[{"href":"https:\/\/segurohogar.mx\/productos\/wp-json\/wp\/v2\/pages"}],"about":[{"href":"https:\/\/segurohogar.mx\/productos\/wp-json\/wp\/v2\/types\/page"}],"author":[{"embeddable":true,"href":"https:\/\/segurohogar.mx\/productos\/wp-json\/wp\/v2\/users\/1"}],"replies":[{"embeddable":true,"href":"https:\/\/segurohogar.mx\/productos\/wp-json\/wp\/v2\/comments?post=22"}],"version-history":[{"count":6,"href":"https:\/\/segurohogar.mx\/productos\/wp-json\/wp\/v2\/pages\/22\/revisions"}],"predecessor-version":[{"id":90,"href":"https:\/\/segurohogar.mx\/productos\/wp-json\/wp\/v2\/pages\/22\/revisions\/90"}],"wp:featuredmedia":[{"embeddable":true,"href":"https:\/\/segurohogar.mx\/productos\/wp-json\/wp\/v2\/media\/64"}],"wp:attachment":[{"href":"https:\/\/segurohogar.mx\/productos\/wp-json\/wp\/v2\/media?parent=22"}],"curies":[{"name":"wp","href":"https:\/\/api.w.org\/{rel}","templated":true}]}}